{"id":22,"date":"2023-05-25T14:01:40","date_gmt":"2023-05-25T17:01:40","guid":{"rendered":"https:\/\/gradil.catene.com.br\/?page_id=22"},"modified":"2023-11-03T14:14:01","modified_gmt":"2023-11-03T17:14:01","slug":"gradil-de-protecao","status":"publish","type":"page","link":"https:\/\/gradil.catene.com.br\/","title":{"rendered":"GRADIL DE PROTE\u00c7\u00c3O"},"content":{"rendered":"\t\t<div data-elementor-type=\"wp-page\" data-elementor-id=\"22\" class=\"elementor elementor-22\">\n\t\t\t\t<div class=\"elementor-element elementor-element-31eee9c e-con-full e-flex e-con e-parent\" data-id=\"31eee9c\" data-element_type=\"container\" data-settings=\"{&quot;background_background&quot;:&quot;classic&quot;}\">\n\t\t<div class=\"elementor-element elementor-element-409966f e-con-full e-flex e-con e-child\" data-id=\"409966f\" data-element_type=\"container\">\n\t\t\t\t<div class=\"elementor-element elementor-element-f21fa4d elementor-widget-mobile__width-initial elementor-widget elementor-widget-heading\" data-id=\"f21fa4d\" data-element_type=\"widget\" data-widget_type=\"heading.default\">\n\t\t\t\t<div class=\"elementor-widget-container\">\n\t\t\t\t\t<span class=\"elementor-heading-title elementor-size-medium\"><a href=\"https:\/\/catene.com.br\/\">CATENE Equipamentos<\/a><\/span>\t\t\t\t<\/div>\n\t\t\t\t<\/div>\n\t\t\t\t<\/div>\n\t\t<div class=\"elementor-element elementor-element-048ebae e-con-full e-flex e-con e-child\" data-id=\"048ebae\" data-element_type=\"container\">\n\t\t\t\t<div class=\"elementor-element elementor-element-cce1cea elementor-align-right elementor-widget-mobile__width-initial elementor-widget elementor-widget-button\" data-id=\"cce1cea\" data-element_type=\"widget\" data-widget_type=\"button.default\">\n\t\t\t\t<div class=\"elementor-widget-container\">\n\t\t\t\t\t\t\t\t\t<div class=\"elementor-button-wrapper\">\n\t\t\t\t\t<a class=\"elementor-button elementor-button-link elementor-size-xs\" href=\"https:\/\/api.whatsapp.com\/send?phone=551149647214&#038;text=Ol%C3%A1%2C%20quero%20solicitar%20uma%20proposta!%20\">\n\t\t\t\t\t\t<span class=\"elementor-button-content-wrapper\">\n\t\t\t\t\t\t<span class=\"elementor-button-icon\">\n\t\t\t\t<svg aria-hidden=\"true\" class=\"e-font-icon-svg e-fab-whatsapp\" viewBox=\"0 0 448 512\" xmlns=\"http:\/\/www.w3.org\/2000\/svg\"><path d=\"M380.9 97.1C339 55.1 283.2 32 223.9 32c-122.4 0-222 99.6-222 222 0 39.1 10.2 77.3 29.6 111L0 480l117.7-30.9c32.4 17.7 68.9 27 106.1 27h.1c122.3 0 224.1-99.6 224.1-222 0-59.3-25.2-115-67.1-157zm-157 341.6c-33.2 0-65.7-8.9-94-25.7l-6.7-4-69.8 18.3L72 359.2l-4.4-7c-18.5-29.4-28.2-63.3-28.2-98.2 0-101.7 82.8-184.5 184.6-184.5 49.3 0 95.6 19.2 130.4 54.1 34.8 34.9 56.2 81.2 56.1 130.5 0 101.8-84.9 184.6-186.6 184.6zm101.2-138.2c-5.5-2.8-32.8-16.2-37.9-18-5.1-1.9-8.8-2.8-12.5 2.8-3.7 5.6-14.3 18-17.6 21.8-3.2 3.7-6.5 4.2-12 1.4-32.6-16.3-54-29.1-75.5-66-5.7-9.8 5.7-9.1 16.3-30.3 1.8-3.7.9-6.9-.5-9.7-1.4-2.8-12.5-30.1-17.1-41.2-4.5-10.8-9.1-9.3-12.5-9.5-3.2-.2-6.9-.2-10.6-.2-3.7 0-9.7 1.4-14.8 6.9-5.1 5.6-19.4 19-19.4 46.3 0 27.3 19.9 53.7 22.6 57.4 2.8 3.7 39.1 59.7 94.8 83.8 35.2 15.2 49 16.5 66.6 13.9 10.7-1.6 32.8-13.4 37.4-26.4 4.6-13 4.6-24.1 3.2-26.4-1.3-2.5-5-3.9-10.5-6.6z\"><\/path><\/svg>\t\t\t<\/span>\n\t\t\t\t\t\t\t\t\t<span class=\"elementor-button-text\">WhatSapp<\/span>\n\t\t\t\t\t<\/span>\n\t\t\t\t\t<\/a>\n\t\t\t\t<\/div>\n\t\t\t\t\t\t\t\t<\/div>\n\t\t\t\t<\/div>\n\t\t\t\t<\/div>\n\t\t\t\t<\/div>\n\t\t<div class=\"elementor-element elementor-element-7afe8bf e-flex e-con-boxed e-con e-parent\" data-id=\"7afe8bf\" data-element_type=\"container\">\n\t\t\t\t\t<div class=\"e-con-inner\">\n\t\t\t\t<div class=\"elementor-element elementor-element-76ae8ad elementor-widget__width-initial elementor-widget elementor-widget-text-editor\" data-id=\"76ae8ad\" data-element_type=\"widget\" data-widget_type=\"text-editor.default\">\n\t\t\t\t<div class=\"elementor-widget-container\">\n\t\t\t\t\t\t\t\t\t<p>GRADE DE PROTE\u00c7\u00c3O\u00a0<\/p>\t\t\t\t\t\t\t\t<\/div>\n\t\t\t\t<\/div>\n\t\t\t\t\t<\/div>\n\t\t\t\t<\/div>\n\t\t<div class=\"elementor-element elementor-element-85da7eb e-flex e-con-boxed e-con e-parent\" data-id=\"85da7eb\" data-element_type=\"container\">\n\t\t\t\t\t<div class=\"e-con-inner\">\n\t\t\t\t<div class=\"elementor-element elementor-element-3fc4b1d elementor-widget elementor-widget-text-editor\" data-id=\"3fc4b1d\" data-element_type=\"widget\" data-widget_type=\"text-editor.default\">\n\t\t\t\t<div class=\"elementor-widget-container\">\n\t\t\t\t\t\t\t\t\t<p>\u00a0 \u00a0 \u00a0 \u00a0 Gradil met\u00e1lico\/grade de prote\u00e7\u00e3o, \u00e9 uma cerca <span style=\"background-color: var( --e-global-color-0044187 ); color: var( --e-global-color-3c66a7f ); letter-spacing: 0px; text-align: var(--text-align);\">de a\u00e7o, projetada para cercar\u00a0 propriedades, \u00e1reas industriais, parques, ou como uma barreira de seguran\u00e7a, t\u00eam a finalidade de impedir o acesso n\u00e3o autorizado, garantindo a seguran\u00e7a dos trabalhados ou de propriedades, evitando acidentes ou entradas indesejadas. Os gradis de prote\u00e7\u00e3o podem variar em malhas conforme a aplica\u00e7\u00e3o desejada.<\/span><\/p>\t\t\t\t\t\t\t\t<\/div>\n\t\t\t\t<\/div>\n\t\t\t\t\t<\/div>\n\t\t\t\t<\/div>\n\t\t<div class=\"elementor-element elementor-element-3870723 e-con-full e-flex e-con e-parent\" data-id=\"3870723\" data-element_type=\"container\" data-settings=\"{&quot;background_background&quot;:&quot;classic&quot;}\">\n\t\t\t\t<div class=\"elementor-element elementor-element-8caae54 elementor-arrows-position-inside elementor-widget elementor-widget-image-carousel\" data-id=\"8caae54\" data-element_type=\"widget\" data-settings=\"{&quot;slides_to_show&quot;:&quot;1&quot;,&quot;navigation&quot;:&quot;arrows&quot;,&quot;autoplay&quot;:&quot;yes&quot;,&quot;pause_on_hover&quot;:&quot;yes&quot;,&quot;pause_on_interaction&quot;:&quot;yes&quot;,&quot;autoplay_speed&quot;:5000,&quot;infinite&quot;:&quot;yes&quot;,&quot;effect&quot;:&quot;slide&quot;,&quot;speed&quot;:500}\" data-widget_type=\"image-carousel.default\">\n\t\t\t\t<div class=\"elementor-widget-container\">\n\t\t\t\t\t\t\t<div class=\"elementor-image-carousel-wrapper swiper\" role=\"region\" aria-roledescription=\"carousel\" aria-label=\"Carrossel de imagens\" dir=\"ltr\">\n\t\t\t<div class=\"elementor-image-carousel swiper-wrapper\" aria-live=\"off\">\n\t\t\t\t\t\t\t\t<div class=\"swiper-slide\" role=\"group\" aria-roledescription=\"slide\" aria-label=\"1 de 4\"><figure class=\"swiper-slide-inner\"><img decoding=\"async\" class=\"swiper-slide-image\" src=\"https:\/\/gradil.catene.com.br\/wp-content\/uploads\/elementor\/thumbs\/IMG_20191218_141922640-q5mupeuqmoelvrdys5zxdmmqism0p5ci37fumhqruw.jpg\" alt=\"IMG_20191218_141922640\" \/><\/figure><\/div><div class=\"swiper-slide\" role=\"group\" aria-roledescription=\"slide\" aria-label=\"2 de 4\"><figure class=\"swiper-slide-inner\"><img decoding=\"async\" class=\"swiper-slide-image\" src=\"https:\/\/gradil.catene.com.br\/wp-content\/uploads\/elementor\/thumbs\/IMG_20191218_141912143-q5mupb3dvc9glbjfe4df3nkw594jucxkqotwpdwcjs.jpg\" alt=\"IMG_20191218_141912143\" \/><\/figure><\/div><div class=\"swiper-slide\" role=\"group\" aria-roledescription=\"slide\" aria-label=\"3 de 4\"><figure class=\"swiper-slide-inner\"><img decoding=\"async\" class=\"swiper-slide-image\" src=\"https:\/\/gradil.catene.com.br\/wp-content\/uploads\/elementor\/thumbs\/IMG_20191218_141721679-q5mup89vau5lmhniul5je6aid3ig79mdqavg9k0j2g.jpg\" alt=\"IMG_20191218_141721679\" \/><\/figure><\/div><div class=\"swiper-slide\" role=\"group\" aria-roledescription=\"slide\" aria-label=\"4 de 4\"><figure class=\"swiper-slide-inner\"><img decoding=\"async\" class=\"swiper-slide-image\" src=\"https:\/\/gradil.catene.com.br\/wp-content\/uploads\/elementor\/thumbs\/IMG_20191209_151804784-q5mup5gcqc1qnnrmb1xnop04kxwck6b6pwwztq4pl4.jpg\" alt=\"IMG_20191209_151804784\" \/><\/figure><\/div>\t\t\t<\/div>\n\t\t\t\t\t\t\t\t\t\t\t\t<div class=\"elementor-swiper-button elementor-swiper-button-prev\" role=\"button\" tabindex=\"0\">\n\t\t\t\t\t\t<svg aria-hidden=\"true\" class=\"e-font-icon-svg e-eicon-chevron-left\" viewBox=\"0 0 1000 1000\" xmlns=\"http:\/\/www.w3.org\/2000\/svg\"><path d=\"M646 125C629 125 613 133 604 142L308 442C296 454 292 471 292 487 292 504 296 521 308 533L604 854C617 867 629 875 646 875 663 875 679 871 692 858 704 846 713 829 713 812 713 796 708 779 692 767L438 487 692 225C700 217 708 204 708 187 708 171 704 154 692 142 675 129 663 125 646 125Z\"><\/path><\/svg>\t\t\t\t\t<\/div>\n\t\t\t\t\t<div class=\"elementor-swiper-button elementor-swiper-button-next\" role=\"button\" tabindex=\"0\">\n\t\t\t\t\t\t<svg aria-hidden=\"true\" class=\"e-font-icon-svg e-eicon-chevron-right\" viewBox=\"0 0 1000 1000\" xmlns=\"http:\/\/www.w3.org\/2000\/svg\"><path d=\"M696 533C708 521 713 504 713 487 713 471 708 454 696 446L400 146C388 133 375 125 354 125 338 125 325 129 313 142 300 154 292 171 292 187 292 204 296 221 308 233L563 492 304 771C292 783 288 800 288 817 288 833 296 850 308 863 321 871 338 875 354 875 371 875 388 867 400 854L696 533Z\"><\/path><\/svg>\t\t\t\t\t<\/div>\n\t\t\t\t\n\t\t\t\t\t\t\t\t\t<\/div>\n\t\t\t\t\t\t<\/div>\n\t\t\t\t<\/div>\n\t\t\t\t<\/div>\n\t\t<div class=\"elementor-element elementor-element-48db44d e-con-full e-flex e-con e-parent\" data-id=\"48db44d\" data-element_type=\"container\" data-settings=\"{&quot;background_background&quot;:&quot;classic&quot;}\">\n\t\t<div class=\"elementor-element elementor-element-e15ee69 e-con-full e-flex e-con e-child\" data-id=\"e15ee69\" data-element_type=\"container\">\n\t\t\t\t<div class=\"elementor-element elementor-element-c0ec628 elementor-widget elementor-widget-heading\" data-id=\"c0ec628\" data-element_type=\"widget\" data-widget_type=\"heading.default\">\n\t\t\t\t<div class=\"elementor-widget-container\">\n\t\t\t\t\t<h2 class=\"elementor-heading-title elementor-size-default\">DESCRI\u00c7\u00c3O TECNICA:<\/h2>\t\t\t\t<\/div>\n\t\t\t\t<\/div>\n\t\t\t\t<div class=\"elementor-element elementor-element-ed61fd2 elementor-widget elementor-widget-text-editor\" data-id=\"ed61fd2\" data-element_type=\"widget\" data-widget_type=\"text-editor.default\">\n\t\t\t\t<div class=\"elementor-widget-container\">\n\t\t\t\t\t\t\t\t\t<ul><li>Medidas personalizadas;<\/li><li>Coluna para fixa\u00e7\u00e3o;<\/li><li>Gradil com vinco;<\/li><li>Gradil sem vinco;\u00a0<\/li><li>Tela ondulada;<\/li><li>Modo de fixa\u00e7\u00e3o:<\/li><\/ul><p>&#8211; Parafusos ou Chumbadores;<\/p><p>&#8211; Concreto;<\/p><p>&#8211; Sapatas de a\u00e7o.<\/p>\t\t\t\t\t\t\t\t<\/div>\n\t\t\t\t<\/div>\n\t\t\t\t<\/div>\n\t\t<div class=\"elementor-element elementor-element-7eed95a e-con-full e-flex e-con e-child\" data-id=\"7eed95a\" data-element_type=\"container\">\n\t\t\t\t<div class=\"elementor-element elementor-element-dd6f35b elementor-widget elementor-widget-heading\" data-id=\"dd6f35b\" data-element_type=\"widget\" data-widget_type=\"heading.default\">\n\t\t\t\t<div class=\"elementor-widget-container\">\n\t\t\t\t\t<h2 class=\"elementor-heading-title elementor-size-default\">APLICA\u00c7\u00c3O:<\/h2>\t\t\t\t<\/div>\n\t\t\t\t<\/div>\n\t\t\t\t<div class=\"elementor-element elementor-element-9afd607 elementor-widget-mobile__width-initial elementor-widget elementor-widget-text-editor\" data-id=\"9afd607\" data-element_type=\"widget\" data-widget_type=\"text-editor.default\">\n\t\t\t\t<div class=\"elementor-widget-container\">\n\t\t\t\t\t\t\t\t\t<ul><li>Prote\u00e7\u00e3o de area de risco;<\/li><li>Inclausuramento de m\u00e1quinas;<\/li><li>Evita acesso a m\u00e1quina quando est\u00e1 funcionando;<\/li><li>Izolamento de m\u00e1quinas;<\/li><li>Logistica;<\/li><li>Escola;<\/li><li>Galp\u00e3o;<\/li><li>Estacionamento<\/li><li>Ferrovi\u00e1rias;<\/li><li>Rodovi\u00e1rias;<\/li><li>Shopping;<\/li><li>Est\u00e1gio.<\/li><\/ul>\t\t\t\t\t\t\t\t<\/div>\n\t\t\t\t<\/div>\n\t\t\t\t<\/div>\n\t\t\t\t<\/div>\n\t\t<div class=\"elementor-element elementor-element-8cb1f38 e-con-full e-flex e-con e-parent\" data-id=\"8cb1f38\" data-element_type=\"container\">\n\t\t\t\t<div class=\"elementor-element elementor-element-60c5f1a elementor-widget__width-initial elementor-widget elementor-widget-wpforms\" data-id=\"60c5f1a\" data-element_type=\"widget\" data-widget_type=\"wpforms.default\">\n\t\t\t\t<div class=\"elementor-widget-container\">\n\t\t\t\t\t<style id=\"wpforms-css-vars-elementor-widget-60c5f1a\">\n\t\t\t\t.elementor-widget-wpforms.elementor-element-60c5f1a {\n\t\t\t\t--wpforms-field-background-color: #7A7A7A;\n--wpforms-field-text-color: #111111;\n--wpforms-button-background-color: #3454CD;\n--wpforms-field-size-input-height: 31px;\n--wpforms-field-size-input-spacing: 10px;\n--wpforms-field-size-font-size: 14px;\n--wpforms-field-size-line-height: 17px;\n--wpforms-field-size-padding-h: 9px;\n--wpforms-field-size-checkbox-size: 14px;\n--wpforms-field-size-sublabel-spacing: 5px;\n--wpforms-field-size-icon-size: 0.75;\n--wpforms-button-size-font-size: 14px;\n--wpforms-button-size-height: 37px;\n--wpforms-button-size-padding-h: 15px;\n--wpforms-button-size-margin-top: 5px;\n\t\t\t}\n\t\t\t<\/style><div class=\"wpforms-container wpforms-container-full wpforms-render-modern\" id=\"wpforms-88\"><form id=\"wpforms-form-88\" class=\"wpforms-validate wpforms-form wpforms-ajax-form\" data-formid=\"88\" method=\"post\" enctype=\"multipart\/form-data\" action=\"\/index.php\/wp-json\/wp\/v2\/pages\/22\" data-token=\"1493d236d5fdd257f006123af93fe365\" data-token-time=\"1776042434\"><noscript class=\"wpforms-error-noscript\">Ative o JavaScript no seu navegador para preencher este formul\u00e1rio.<\/noscript><div id=\"wpforms-error-noscript\" style=\"display: none;\">Ative o JavaScript no seu navegador para preencher este formul\u00e1rio.<\/div><div class=\"wpforms-field-container\"><div id=\"wpforms-88-field_1-container\" class=\"wpforms-field wpforms-field-name\" data-field-id=\"1\"><label class=\"wpforms-field-label\" for=\"wpforms-88-field_1\">Nome <span class=\"wpforms-required-label\" aria-hidden=\"true\">*<\/span><\/label><input type=\"text\" id=\"wpforms-88-field_1\" class=\"wpforms-field-medium wpforms-field-required\" name=\"wpforms[fields][1]\" aria-errormessage=\"wpforms-88-field_1-error\" required><\/div><div id=\"wpforms-88-field_2-container\" class=\"wpforms-field wpforms-field-email\" data-field-id=\"2\"><label class=\"wpforms-field-label\" for=\"wpforms-88-field_2\">E-mail <span class=\"wpforms-required-label\" aria-hidden=\"true\">*<\/span><\/label><input type=\"email\" id=\"wpforms-88-field_2\" class=\"wpforms-field-medium wpforms-field-required\" name=\"wpforms[fields][2]\" spellcheck=\"false\" aria-errormessage=\"wpforms-88-field_2-error\" required><\/div><\/div><!-- .wpforms-field-container --><div class=\"wpforms-submit-container\" ><input type=\"hidden\" name=\"wpforms[id]\" value=\"88\"><input type=\"hidden\" name=\"page_title\" value=\"\"><input type=\"hidden\" name=\"page_url\" value=\"https:\/\/gradil.catene.com.br\/index.php\/wp-json\/wp\/v2\/pages\/22\"><input type=\"hidden\" name=\"url_referer\" value=\"\"><button type=\"submit\" name=\"wpforms[submit]\" id=\"wpforms-submit-88\" class=\"wpforms-submit\" data-alt-text=\"Enviando\u2026\" data-submit-text=\"Enviar\" aria-live=\"assertive\" value=\"wpforms-submit\">Enviar<\/button><img decoding=\"async\" src=\"https:\/\/gradil.catene.com.br\/wp-content\/plugins\/wpforms-lite\/assets\/images\/submit-spin.svg\" class=\"wpforms-submit-spinner\" style=\"display: none;\" width=\"26\" height=\"26\" alt=\"Carregando\"><\/div><\/form><\/div>  <!-- .wpforms-container -->\t\t\t\t<\/div>\n\t\t\t\t<\/div>\n\t\t\t\t<\/div>\n\t\t<div class=\"elementor-element elementor-element-07d901c e-con-full e-flex e-con e-parent\" data-id=\"07d901c\" data-element_type=\"container\">\n\t\t\t\t<div class=\"elementor-element elementor-element-9db9648 elementor-widget elementor-widget-google_maps\" data-id=\"9db9648\" data-element_type=\"widget\" data-widget_type=\"google_maps.default\">\n\t\t\t\t<div class=\"elementor-widget-container\">\n\t\t\t\t\t\t\t<div class=\"elementor-custom-embed\">\n\t\t\t<iframe loading=\"lazy\"\n\t\t\t\t\tsrc=\"https:\/\/maps.google.com\/maps?q=av.%20papa%20jo%C3%A3o%20paulo%20I%2C%2072%20&#038;t=m&#038;z=13&#038;output=embed&#038;iwloc=near\"\n\t\t\t\t\ttitle=\"av. papa jo\u00e3o paulo I, 72 \"\n\t\t\t\t\taria-label=\"av. papa jo\u00e3o paulo I, 72 \"\n\t\t\t><\/iframe>\n\t\t<\/div>\n\t\t\t\t\t\t<\/div>\n\t\t\t\t<\/div>\n\t\t\t\t<\/div>\n\t\t<div class=\"elementor-element elementor-element-a28f4fe e-flex e-con-boxed e-con e-parent\" data-id=\"a28f4fe\" data-element_type=\"container\">\n\t\t\t\t\t<div class=\"e-con-inner\">\n\t\t\t\t<div class=\"elementor-element elementor-element-45dc2b9 elementor-widget elementor-widget-text-editor\" data-id=\"45dc2b9\" data-element_type=\"widget\" data-widget_type=\"text-editor.default\">\n\t\t\t\t<div class=\"elementor-widget-container\">\n\t\t\t\t\t\t\t\t\t<p>E-mail: jvncomercial@gmail.com ou catene@catene.com.br<\/p><p>Telefone\/WhatsApp: (11) 94680-1073<\/p><p>Site: www.catene.com.br<\/p>\t\t\t\t\t\t\t\t<\/div>\n\t\t\t\t<\/div>\n\t\t\t\t\t<\/div>\n\t\t\t\t<\/div>\n\t\t\t\t<\/div>\n\t\t","protected":false},"excerpt":{"rendered":"<p>CATENE Equipamentos WhatSapp GRADE DE PROTE\u00c7\u00c3O\u00a0 \u00a0 \u00a0 \u00a0 \u00a0 Gradil met\u00e1lico\/grade de prote\u00e7\u00e3o, \u00e9 uma cerca de a\u00e7o, projetada para cercar\u00a0 propriedades, \u00e1reas industriais, parques, ou como uma barreira de seguran\u00e7a, t\u00eam a finalidade de impedir o acesso n\u00e3o autorizado, garantindo a seguran\u00e7a dos trabalhados ou de propriedades, evitando acidentes ou entradas indesejadas. Os [&hellip;]<\/p>\n","protected":false},"author":1,"featured_media":0,"parent":0,"menu_order":0,"comment_status":"closed","ping_status":"closed","template":"elementor_canvas","meta":{"footnotes":""},"_links":{"self":[{"href":"https:\/\/gradil.catene.com.br\/index.php\/wp-json\/wp\/v2\/pages\/22"}],"collection":[{"href":"https:\/\/gradil.catene.com.br\/index.php\/wp-json\/wp\/v2\/pages"}],"about":[{"href":"https:\/\/gradil.catene.com.br\/index.php\/wp-json\/wp\/v2\/types\/page"}],"author":[{"embeddable":true,"href":"https:\/\/gradil.catene.com.br\/index.php\/wp-json\/wp\/v2\/users\/1"}],"replies":[{"embeddable":true,"href":"https:\/\/gradil.catene.com.br\/index.php\/wp-json\/wp\/v2\/comments?post=22"}],"version-history":[{"count":68,"href":"https:\/\/gradil.catene.com.br\/index.php\/wp-json\/wp\/v2\/pages\/22\/revisions"}],"predecessor-version":[{"id":164,"href":"https:\/\/gradil.catene.com.br\/index.php\/wp-json\/wp\/v2\/pages\/22\/revisions\/164"}],"wp:attachment":[{"href":"https:\/\/gradil.catene.com.br\/index.php\/wp-json\/wp\/v2\/media?parent=22"}],"curies":[{"name":"wp","href":"https:\/\/api.w.org\/{rel}","templated":true}]}}